{"id":2,"date":"2018-01-13T02:09:50","date_gmt":"2018-01-13T02:09:50","guid":{"rendered":"http:\/\/www.historische-postsachen.de\/_prinzenraub\/?page_id=2"},"modified":"2026-01-13T12:27:36","modified_gmt":"2026-01-13T12:27:36","slug":"sample-page","status":"publish","type":"page","link":"https:\/\/www.gesamtkunstwerk4.de\/prinzenraub\/","title":{"rendered":"Prinzenraub Spektakel &#8211; Schloss Altenburg"},"content":{"rendered":"\n<h3 class=\"wp-block-heading\">&nbsp;<\/h3>\n\n\n\n<h4 class=\"wp-block-heading\"><span style=\"color: #000000;\"><span style=\"font-size: 16px;\">Der&nbsp;<\/span><span style=\"font-size: 16px;\">Altenburger&nbsp;<\/span><span style=\"font-size: 16px;\">Prinzenraub ist ein j\u00e4hrliches OpenAir-Spektakel Anfang Juli auf dem Residenzschloss Altenburg.<\/span><\/span><\/h4>\n\n\n\n<p><span style=\"color: #000000;\"><span style=\"font-size: 16px;\">Die Entf\u00fchrung der Prinzen Ernst und Albrecht durch Kunz von Kauffungen anno 1455 ist aus der Geschichte Altenburgs nicht mehr wegzudenken. Schon vor Jahrzehnten wurde dieses Ereignis in die Theaterwelt getragen.<\/span><span style=\"font-size: 16px;\"> Am 5. Juli 2003 gr\u00fcndete sich der F\u00f6rderverein Altenburger Prinzenraub e.V. (jetzt Traditionsverein) mit dem Ziel, die Aktivit\u00e4ten in Vorbereitung des Jubil\u00e4ums \u201e550 Jahre S\u00e4chsischer Prinzenraub zu Altenburg\u201c im Jahr 2005 zu unterst\u00fctzen. Besonderes Anliegen dabei war die Gewinnung, Ausbildung und Betreuung der ca. 200 ehrenamtlichen Laiendarsteller f\u00fcr die von der Stadt Altenburg 2005 bis 2011 durchgef\u00fchrten Prinzenraub-Festspiele.<br><\/span><span style=\"font-size: 16px;\">Durch die Gestaltung eines vielf\u00e4ltigen und interessanten Vereinslebens hat sich in den Jahren seit der Gr\u00fcndung eine richtige \u201ePrinzenr\u00e4uberfamilie\u201c gebildet, die auch nach dem Aus der Festspiele im Jahr 2012 nicht aufgegeben, sondern sich neue Ziele gesucht und neue Herausforderungen geschaffen hat.<br>So gibt es seit 2013 wieder eine Theaterversion der Ereignisse von 1455, organisiert und auf die B\u00fchne getragen vom Traditionsverein Altenburger Prinzenraub e.V. in Zusammenarbeit mit einem professionellen Regisseur.<\/span><\/span><\/p>\n\n\n\n<h4 class=\"wp-block-heading\"><span style=\"font-size: 16px; color: #000000;\">Die Tradition setzt sich fort und Altenburg gl\u00e4nzt wieder mit einem Highlight auf dem Schloss.<\/span><\/h4>\n\n\n\n<hr class=\"wp-block-separator has-alpha-channel-opacity\"\/>\n\n\n\n<h4 class=\"wp-block-heading\"><strong>Unsere aktuellen Auftrittstermine:<\/strong><\/h4>\n\n\n\n<table id=\"tablepress-10\" class=\"tablepress tablepress-id-10\">\n<thead>\n<tr class=\"row-1\">\n\t<th class=\"column-1\">Datum<\/th><th class=\"column-2\">Uhrzeit<\/th><th class=\"column-3\">Ort<\/th><th class=\"column-4\">St\u00fcck<\/th>\n<\/tr>\n<\/thead>\n<tbody class=\"row-hover\">\n<tr class=\"row-2\">\n\t<td class=\"column-1\">7. Juli 2026<\/td><td class=\"column-2\">20:00<br \/>\nStart Vorprogramm<br \/>\n18 Uhr<\/td><td class=\"column-3\">Residenzschloss Altenburg<\/td><td class=\"column-4\">Nikodemus und der Prinzenraub zu Altenburg &#8211; PREMIERE<\/td>\n<\/tr>\n<tr class=\"row-3\">\n\t<td class=\"column-1\">8. Juli 2026<\/td><td class=\"column-2\">20:00<br \/>\nStart Vorprogramm<br \/>\n18 Uhr<\/td><td class=\"column-3\">Residenzschloss Altenburg<\/td><td class=\"column-4\">Nikodemus und der Prinzenraub zu Altenburg<\/td>\n<\/tr>\n<tr class=\"row-4\">\n\t<td class=\"column-1\">9. Juli 2026<\/td><td class=\"column-2\">20:00<br \/>\nStart Vorprogramm<br \/>\n18 Uhr<\/td><td class=\"column-3\">Residenzschloss Altenburg<\/td><td class=\"column-4\">Nikodemus und der Prinzenraub zu Altenburg<\/td>\n<\/tr>\n<tr class=\"row-5\">\n\t<td class=\"column-1\">10. Juli 2026<\/td><td class=\"column-2\">20:00<br \/>\nStart Vorprogramm<br \/>\n18 Uhr<\/td><td class=\"column-3\">Residenzschloss Altenburg<\/td><td class=\"column-4\">Nikodemus und der Prinzenraub zu Altenburg<\/td>\n<\/tr>\n<tr class=\"row-6\">\n\t<td class=\"column-1\">11. Juli 2026<\/td><td class=\"column-2\">20:00<br \/>\nStart Vorprogramm<br \/>\n18 Uhr<\/td><td class=\"column-3\">Residenzschloss Altenburg<\/td><td class=\"column-4\">Nikodemus und der Prinzenraub zu Altenburg<\/td>\n<\/tr>\n<\/tbody>\n<\/table>\n","protected":false},"excerpt":{"rendered":"<h3>Die Entf\u00fchrung der Prinzen Ernst und Albrecht durch Ritter Kunz von Kauffungen anno 1455 ist aus der Geschichte Altenburgs nicht mehr wegzudenken. Schon vor Jahrzehnten wurde dieses Ereignis in die Theaterwelt getragen.<br \/>\nAm 05. Juli 2003 gr\u00fcndete sich der F\u00f6rderverein Altenburger Prinzenraub e.V. mit dem Ziel, die Aktivit\u00e4ten in Vorbereitung des Jubil\u00e4ums \u201e550 Jahre S\u00e4chsischer Prinzenraub zu Altenburg\u201c im Jahr 2005 zu unterst\u00fctzen. Besonderes Anliegen dabei war die Gewinnung, Ausbildung und Betreuung der ca.<\/p>\n","protected":false},"author":2,"featured_media":0,"parent":0,"menu_order":0,"comment_status":"closed","ping_status":"open","template":"","meta":{"ocean_post_layout":"","ocean_both_sidebars_style":"","ocean_both_sidebars_content_width":0,"ocean_both_sidebars_sidebars_width":0,"ocean_sidebar":"0","ocean_second_sidebar":"0","ocean_disable_margins":"enable","ocean_add_body_class":"","ocean_shortcode_before_top_bar":"","ocean_shortcode_after_top_bar":"","ocean_shortcode_before_header":"","ocean_shortcode_after_header":"","ocean_has_shortcode":"","ocean_shortcode_after_title":"","ocean_shortcode_before_footer_widgets":"","ocean_shortcode_after_footer_widgets":"","ocean_shortcode_before_footer_bottom":"","ocean_shortcode_after_footer_bottom":"","ocean_display_top_bar":"default","ocean_display_header":"default","ocean_header_style":"","ocean_center_header_left_menu":"0","ocean_custom_header_template":"0","ocean_custom_logo":0,"ocean_custom_retina_logo":0,"ocean_custom_logo_max_width":0,"ocean_custom_logo_tablet_max_width":0,"ocean_custom_logo_mobile_max_width":0,"ocean_custom_logo_max_height":0,"ocean_custom_logo_tablet_max_height":0,"ocean_custom_logo_mobile_max_height":0,"ocean_header_custom_menu":"0","ocean_menu_typo_font_family":"0","ocean_menu_typo_font_subset":"","ocean_menu_typo_font_size":0,"ocean_menu_typo_font_size_tablet":0,"ocean_menu_typo_font_size_mobile":0,"ocean_menu_typo_font_size_unit":"px","ocean_menu_typo_font_weight":"","ocean_menu_typo_font_weight_tablet":"","ocean_menu_typo_font_weight_mobile":"","ocean_menu_typo_transform":"","ocean_menu_typo_transform_tablet":"","ocean_menu_typo_transform_mobile":"","ocean_menu_typo_line_height":0,"ocean_menu_typo_line_height_tablet":0,"ocean_menu_typo_line_height_mobile":0,"ocean_menu_typo_line_height_unit":"","ocean_menu_typo_spacing":0,"ocean_menu_typo_spacing_tablet":0,"ocean_menu_typo_spacing_mobile":0,"ocean_menu_typo_spacing_unit":"","ocean_menu_link_color":"","ocean_menu_link_color_hover":"","ocean_menu_link_color_active":"","ocean_menu_link_background":"","ocean_menu_link_hover_background":"","ocean_menu_link_active_background":"","ocean_menu_social_links_bg":"","ocean_menu_social_hover_links_bg":"","ocean_menu_social_links_color":"","ocean_menu_social_hover_links_color":"","ocean_disable_title":"default","ocean_disable_heading":"default","ocean_post_title":"","ocean_post_subheading":"","ocean_post_title_style":"","ocean_post_title_background_color":"","ocean_post_title_background":0,"ocean_post_title_bg_image_position":"","ocean_post_title_bg_image_attachment":"","ocean_post_title_bg_image_repeat":"","ocean_post_title_bg_image_size":"","ocean_post_title_height":0,"ocean_post_title_bg_overlay":0.5,"ocean_post_title_bg_overlay_color":"","ocean_disable_breadcrumbs":"default","ocean_breadcrumbs_color":"","ocean_breadcrumbs_separator_color":"","ocean_breadcrumbs_links_color":"","ocean_breadcrumbs_links_hover_color":"","ocean_display_footer_widgets":"default","ocean_display_footer_bottom":"default","ocean_custom_footer_template":"0","footnotes":""},"class_list":["post-2","page","type-page","status-publish","hentry","entry"],"_links":{"self":[{"href":"https:\/\/www.gesamtkunstwerk4.de\/prinzenraub\/wp-json\/wp\/v2\/pages\/2","targetHints":{"allow":["GET"]}}],"collection":[{"href":"https:\/\/www.gesamtkunstwerk4.de\/prinzenraub\/wp-json\/wp\/v2\/pages"}],"about":[{"href":"https:\/\/www.gesamtkunstwerk4.de\/prinzenraub\/wp-json\/wp\/v2\/types\/page"}],"author":[{"embeddable":true,"href":"https:\/\/www.gesamtkunstwerk4.de\/prinzenraub\/wp-json\/wp\/v2\/users\/2"}],"replies":[{"embeddable":true,"href":"https:\/\/www.gesamtkunstwerk4.de\/prinzenraub\/wp-json\/wp\/v2\/comments?post=2"}],"version-history":[{"count":67,"href":"https:\/\/www.gesamtkunstwerk4.de\/prinzenraub\/wp-json\/wp\/v2\/pages\/2\/revisions"}],"predecessor-version":[{"id":5549,"href":"https:\/\/www.gesamtkunstwerk4.de\/prinzenraub\/wp-json\/wp\/v2\/pages\/2\/revisions\/5549"}],"wp:attachment":[{"href":"https:\/\/www.gesamtkunstwerk4.de\/prinzenraub\/wp-json\/wp\/v2\/media?parent=2"}],"curies":[{"name":"wp","href":"https:\/\/api.w.org\/{rel}","templated":true}]}}